{"id":93,"date":"2026-05-06T09:21:29","date_gmt":"2026-05-06T09:21:29","guid":{"rendered":"https:\/\/wienerumzugsprofis.at\/?page_id=93"},"modified":"2026-05-13T13:32:49","modified_gmt":"2026-05-13T13:32:49","slug":"impressum","status":"publish","type":"page","link":"https:\/\/wienerumzugsprofis.at\/en\/impressum\/","title":{"rendered":"Imprint"},"content":{"rendered":"<main id='bde-main'><section class=\"bde-section-93-100 bde-section\">\n              \n  \n  \n\t\n\n  <div class=\"section-background-overlay\"><\/div>\n\n\n<div class=\"section-container\"><div class=\"bde-div-93-101 bde-div\">\n  \n  \n\t\n\n\n\n<h1 class=\"bde-heading-93-102 bde-heading\">\nImprint\n<\/h1>\n<\/div><\/div>\n<\/section><section class=\"bde-section-93-103 bde-section\">\n  \n  \n\t\n\n\n\n<div class=\"section-container\"><div class=\"bde-div-93-104 bde-div\">\n  \n  \n\t\n\n\n\n<div class=\"bde-rich-text-93-105 bde-rich-text breakdance-rich-text-styles\">\n<h2 data-section-id=\"1yv3gvy\" data-start=\"0\" data-end=\"12\">Imprint<\/h2><h3 data-section-id=\"x1fgh\" data-start=\"14\" data-end=\"39\">Angaben gem\u00e4\u00df \u00a7 5 ECG<\/h3><p data-start=\"41\" data-end=\"127\"><strong data-start=\"41\" data-end=\"64\">Wiener Umzugsprofis<\/strong><br data-start=\"64\" data-end=\"67\" \/>Inhaber: Hasan Aziz<br data-start=\"86\" data-end=\"89\" \/>Brehmstra\u00dfe 4<br data-start=\"102\" data-end=\"105\" \/>1110 Wien<br data-start=\"114\" data-end=\"117\" \/>\u00d6sterreich<\/p><p data-start=\"129\" data-end=\"237\">\ud83d\udcde Telefon: +43 664 99142766<br data-start=\"157\" data-end=\"160\" \/>\ud83d\udce7 E-Mail: <a class=\"decorated-link cursor-pointer\" rel=\"noopener\" data-start=\"171\" data-end=\"197\">info@wienerumzugsprofis.at<\/a><br data-start=\"197\" data-end=\"200\" \/>\ud83c\udf10 Website: <a class=\"decorated-link\" href=\"https:\/\/wienerumzugsprofis.at\/en\/\" target=\"_new\" rel=\"noopener\" data-start=\"212\" data-end=\"237\">www.wienerumzugsprofis.at<\/a><\/p><hr data-start=\"239\" data-end=\"242\" \/><h3 data-section-id=\"1axyj8e\" data-start=\"244\" data-end=\"264\">Unternehmensform<\/h3><p data-start=\"266\" data-end=\"283\">Einzelunternehmen<\/p><hr data-start=\"285\" data-end=\"288\" \/><h3 data-section-id=\"1bdze83\" data-start=\"290\" data-end=\"301\">Gewerbe<\/h3><ul data-start=\"303\" data-end=\"348\"><li data-section-id=\"1pf8967\" data-start=\"303\" data-end=\"326\">Umzugstransporteure<\/li><li data-section-id=\"1hryxk8\" data-start=\"327\" data-end=\"348\">Abfalltransporteure<\/li><\/ul><p data-start=\"350\" data-end=\"392\">Mitglied der Wirtschaftskammer Wien (WKO).<\/p><hr data-start=\"394\" data-end=\"397\" \/><h3 data-section-id=\"rehzr8\" data-start=\"399\" data-end=\"428\">Zust\u00e4ndige Gewerbebeh\u00f6rde<\/h3><p data-start=\"430\" data-end=\"518\">Magistratisches Bezirksamt f\u00fcr den 11. Bezirk Wien<br data-start=\"480\" data-end=\"483\" \/>Enkplatz 2<br data-start=\"493\" data-end=\"496\" \/>1110 Wien<br data-start=\"505\" data-end=\"508\" \/>\u00d6sterreich<\/p><hr data-start=\"520\" data-end=\"523\" \/><h2 data-section-id=\"ugo17b\" data-start=\"525\" data-end=\"546\">Haftungsausschluss<\/h2><p data-start=\"548\" data-end=\"713\">Alle Inhalte dieser Website wurden mit gr\u00f6\u00dfter Sorgfalt erstellt. F\u00fcr die Richtigkeit, Vollst\u00e4ndigkeit und Aktualit\u00e4t der Inhalte \u00fcbernehmen wir jedoch keine Gew\u00e4hr.<\/p><p data-start=\"715\" data-end=\"893\">Trotz sorgf\u00e4ltiger Kontrolle \u00fcbernehmen wir keine Haftung f\u00fcr die Inhalte externer Links. F\u00fcr den Inhalt der verlinkten Seiten sind ausschlie\u00dflich deren Betreiber verantwortlich.<\/p><hr data-start=\"895\" data-end=\"898\" \/><h2 data-section-id=\"4scjf6\" data-start=\"900\" data-end=\"915\">Urheberrecht<\/h2><p data-start=\"917\" data-end=\"1106\" data-is-last-node=\"\" data-is-only-node=\"\">Die Inhalte, Bilder, Texte und Grafiken auf dieser Website unterliegen dem Urheberrecht. Jede Verwendung, Vervielf\u00e4ltigung oder Weitergabe ohne ausdr\u00fcckliche Zustimmung ist nicht gestattet.<\/p>\n<\/div>\n<\/div><\/div>\n<\/section><\/main>","protected":false},"excerpt":{"rendered":"<p>Impressum ImpressumAngaben gem\u00e4\u00df \u00a7 5 ECGWiener UmzugsprofisInhaber: Hasan AzizBrehmstra\u00dfe 41110 Wien\u00d6sterreich\ud83d\udcde Telefon: +43 664 99142766\ud83d\udce7 E-Mail: info@wienerumzugsprofis.at\ud83c\udf10 Website: www.wienerumzugsprofis.atUnternehmensformEinzelunternehmenGewerbeUmzugstransporteureAbfalltransporteureMitglied der Wirtschaftskammer Wien (WKO).Zust\u00e4ndige Gewerbebeh\u00f6rdeMagistratisches Bezirksamt f\u00fcr den 11. Bezirk WienEnkplatz 21110 Wien\u00d6sterreichHaftungsausschlussAlle Inhalte dieser Website wurden mit gr\u00f6\u00dfter Sorgfalt erstellt. F\u00fcr die Richtigkeit, Vollst\u00e4ndigkeit und Aktualit\u00e4t der Inhalte \u00fcbernehmen wir jedoch keine Gew\u00e4hr.Trotz sorgf\u00e4ltiger Kontrolle [&hellip;]<\/p>\n","protected":false},"author":1,"featured_media":0,"parent":0,"menu_order":0,"comment_status":"closed","ping_status":"closed","template":"","meta":{"om_disable_all_campaigns":false,"_monsterinsights_skip_tracking":false,"_monsterinsights_sitenote_active":false,"_monsterinsights_sitenote_note":"","_monsterinsights_sitenote_category":0,"_breakdance_hide_in_design_set":false,"_breakdance_tags":"","footnotes":""},"class_list":["post-93","page","type-page","status-publish","hentry"],"aioseo_notices":[],"_links":{"self":[{"href":"https:\/\/wienerumzugsprofis.at\/en\/wp-json\/wp\/v2\/pages\/93","targetHints":{"allow":["GET"]}}],"collection":[{"href":"https:\/\/wienerumzugsprofis.at\/en\/wp-json\/wp\/v2\/pages"}],"about":[{"href":"https:\/\/wienerumzugsprofis.at\/en\/wp-json\/wp\/v2\/types\/page"}],"author":[{"embeddable":true,"href":"https:\/\/wienerumzugsprofis.at\/en\/wp-json\/wp\/v2\/users\/1"}],"replies":[{"embeddable":true,"href":"https:\/\/wienerumzugsprofis.at\/en\/wp-json\/wp\/v2\/comments?post=93"}],"version-history":[{"count":4,"href":"https:\/\/wienerumzugsprofis.at\/en\/wp-json\/wp\/v2\/pages\/93\/revisions"}],"predecessor-version":[{"id":179,"href":"https:\/\/wienerumzugsprofis.at\/en\/wp-json\/wp\/v2\/pages\/93\/revisions\/179"}],"wp:attachment":[{"href":"https:\/\/wienerumzugsprofis.at\/en\/wp-json\/wp\/v2\/media?parent=93"}],"curies":[{"name":"wp","href":"https:\/\/api.w.org\/{rel}","templated":true}]}}