{"id":88,"date":"2026-05-06T09:20:20","date_gmt":"2026-05-06T09:20:20","guid":{"rendered":"https:\/\/wienerumzugsprofis.at\/?page_id=88"},"modified":"2026-05-13T13:32:23","modified_gmt":"2026-05-13T13:32:23","slug":"datenschutzerklaerung","status":"publish","type":"page","link":"https:\/\/wienerumzugsprofis.at\/en\/datenschutzerklaerung\/","title":{"rendered":"Privacy Policy"},"content":{"rendered":"<main id='bde-main'><section class=\"bde-section-88-100 bde-section\">\n              \n  \n  \n\t\n\n  <div class=\"section-background-overlay\"><\/div>\n\n\n<div class=\"section-container\"><div class=\"bde-div-88-102 bde-div\">\n  \n  \n\t\n\n\n\n<h1 class=\"bde-heading-88-101 bde-heading\">\nPrivacy Policy\n<\/h1>\n<\/div><\/div>\n<\/section><section class=\"bde-section-88-103 bde-section\">\n  \n  \n\t\n\n\n\n<div class=\"section-container\"><div class=\"bde-div-88-104 bde-div\">\n  \n  \n\t\n\n\n\n<div class=\"bde-rich-text-88-105 bde-rich-text breakdance-rich-text-styles\">\n<h2 data-section-id=\"ptm05i\" data-start=\"92\" data-end=\"115\">Privacy Policy<\/h2><h3 data-section-id=\"1axd0j6\" data-start=\"117\" data-end=\"143\">1. Allgemeine Hinweise<\/h3><p data-start=\"145\" data-end=\"324\">Der Schutz Ihrer pers\u00f6nlichen Daten ist uns ein besonderes Anliegen. Wir verarbeiten Ihre Daten daher ausschlie\u00dflich auf Grundlage der gesetzlichen Bestimmungen (DSGVO, TKG 2021).<\/p><p data-start=\"326\" data-end=\"454\">In dieser Datenschutzerkl\u00e4rung informieren wir Sie \u00fcber die wichtigsten Aspekte der Datenverarbeitung im Rahmen unserer Website.<\/p><hr data-start=\"456\" data-end=\"459\" \/><h2 data-section-id=\"1co7opw\" data-start=\"461\" data-end=\"483\">2. Verantwortlicher<\/h2><p data-start=\"485\" data-end=\"576\"><strong data-start=\"485\" data-end=\"508\">Wiener Umzugsprofis<\/strong><br data-start=\"508\" data-end=\"511\" \/>Inhaber: Herr Hasan Aziz<br data-start=\"535\" data-end=\"538\" \/>Brehmstra\u00dfe 4<br data-start=\"551\" data-end=\"554\" \/>1110 Wien<br data-start=\"563\" data-end=\"566\" \/>\u00d6sterreich<\/p><p data-start=\"578\" data-end=\"686\">\ud83d\udce7 E-Mail: <a class=\"decorated-link cursor-pointer\" rel=\"noopener\" data-start=\"589\" data-end=\"615\">info@wienerumzugsprofis.at<\/a><br data-start=\"615\" data-end=\"618\" \/>\ud83d\udcde Telefon: +43 664 99142766<br data-start=\"646\" data-end=\"649\" \/>\ud83c\udf10 Website: <a class=\"decorated-link\" href=\"https:\/\/wienerumzugsprofis.at\/en\/\" target=\"_new\" rel=\"noopener\" data-start=\"661\" data-end=\"686\">www.wienerumzugsprofis.at<\/a><\/p><hr data-start=\"688\" data-end=\"691\" \/><h2 data-section-id=\"1chko5h\" data-start=\"693\" data-end=\"714\">3. Kontaktaufnahme<\/h2><p data-start=\"716\" data-end=\"913\">Wenn Sie per Kontaktformular, E-Mail oder telefonisch Kontakt mit uns aufnehmen, werden Ihre angegebenen Daten zwecks Bearbeitung der Anfrage sowie f\u00fcr m\u00f6gliche Anschlussfragen bei uns gespeichert.<\/p><p data-start=\"915\" data-end=\"973\">Diese Daten geben wir nicht ohne Ihre Einwilligung weiter.<\/p><hr data-start=\"975\" data-end=\"978\" \/><h2 data-section-id=\"149ma20\" data-start=\"980\" data-end=\"993\">4. Cookies<\/h2><p data-start=\"995\" data-end=\"1114\">Unsere Website verwendet Cookies, um die Benutzerfreundlichkeit zu verbessern und bestimmte Funktionen bereitzustellen.<\/p><p data-start=\"1116\" data-end=\"1253\">Die Verwaltung der Cookie-Einwilligungen erfolgt \u00fcber <strong data-start=\"1170\" data-end=\"1183\">Cookiebot<\/strong>. Dort k\u00f6nnen Sie ausw\u00e4hlen, welche Cookies gespeichert werden d\u00fcrfen.<\/p><p data-start=\"1255\" data-end=\"1364\">Einige Cookies sind technisch notwendig, w\u00e4hrend andere f\u00fcr Statistik- oder Marketingzwecke verwendet werden.<\/p><hr data-start=\"1366\" data-end=\"1369\" \/><h2 data-section-id=\"1v4e69t\" data-start=\"1371\" data-end=\"1393\">5. Google Analytics<\/h2><p data-start=\"1395\" data-end=\"1483\">Diese Website nutzt Google Analytics, einen Webanalysedienst der Google Ireland Limited.<\/p><p data-start=\"1485\" data-end=\"1692\">Google Analytics verwendet Cookies, die eine Analyse der Benutzung der Website erm\u00f6glichen. Die dadurch erzeugten Informationen werden in der Regel an einen Server von Google \u00fcbertragen und dort gespeichert.<\/p><p data-start=\"1694\" data-end=\"1774\">Wir verwenden Google Analytics ausschlie\u00dflich mit aktivierter IP-Anonymisierung.<\/p><p data-start=\"1776\" data-end=\"1853\">Weitere Informationen finden Sie unter:<br data-start=\"1815\" data-end=\"1818\" \/><a class=\"decorated-link\" href=\"https:\/\/policies.google.com\/privacy\" target=\"_new\" rel=\"noopener\" data-start=\"1818\" data-end=\"1853\">https:\/\/policies.google.com\/privacy<\/a><\/p><hr data-start=\"1855\" data-end=\"1858\" \/><h2 data-section-id=\"1av553h\" data-start=\"1860\" data-end=\"1887\">6. Google Search Console<\/h2><p data-start=\"1889\" data-end=\"2014\">Zur technischen Optimierung und Verbesserung unserer Website nutzen wir die Google Search Console der Google Ireland Limited.<\/p><p data-start=\"2016\" data-end=\"2089\">Dabei k\u00f6nnen technische Daten zur Nutzung der Website verarbeitet werden.<\/p><hr data-start=\"2091\" data-end=\"2094\" \/><h2 data-section-id=\"1juukbe\" data-start=\"2096\" data-end=\"2113\">7. Google Maps<\/h2><p data-start=\"2115\" data-end=\"2194\">Unsere Website verwendet Google Maps zur Darstellung von Karten und Standorten.<\/p><p data-start=\"2196\" data-end=\"2297\">Beim Aufruf einer Seite mit eingebetteter Google Maps Karte k\u00f6nnen Daten an Google \u00fcbertragen werden.<\/p><p data-start=\"2299\" data-end=\"2359\">Weitere Informationen:<br data-start=\"2321\" data-end=\"2324\" \/><a class=\"decorated-link\" href=\"https:\/\/policies.google.com\/privacy\" target=\"_new\" rel=\"noopener\" data-start=\"2324\" data-end=\"2359\">https:\/\/policies.google.com\/privacy<\/a><\/p><hr data-start=\"2361\" data-end=\"2364\" \/><h2 data-section-id=\"1shhofu\" data-start=\"2366\" data-end=\"2397\">8. Social Media Verlinkungen<\/h2><p data-start=\"2399\" data-end=\"2483\">Auf unserer Website befinden sich Verlinkungen zu unseren Social-Media-Profilen bei:<\/p><ul data-start=\"2485\" data-end=\"2507\"><li data-section-id=\"b7govk\" data-start=\"2485\" data-end=\"2496\">Instagram<\/li><li data-section-id=\"6htwxs\" data-start=\"2497\" data-end=\"2507\">Facebook<\/li><\/ul><p data-start=\"2509\" data-end=\"2658\">Beim Anklicken dieser Links werden Sie auf die jeweilige Plattform weitergeleitet. Dabei gelten die Datenschutzbestimmungen des jeweiligen Anbieters.<\/p><hr data-start=\"2660\" data-end=\"2663\" \/><h2 data-section-id=\"1es8iy2\" data-start=\"2665\" data-end=\"2687\">9. WhatsApp Kontakt<\/h2><p data-start=\"2689\" data-end=\"2771\">Unsere Website bietet die M\u00f6glichkeit, \u00fcber WhatsApp mit uns in Kontakt zu treten.<\/p><p data-start=\"2773\" data-end=\"2926\">Beim Anklicken des WhatsApp-Buttons wird eine Verbindung zu den Servern von WhatsApp hergestellt. Dabei k\u00f6nnen personenbezogene Daten verarbeitet werden.<\/p><p data-start=\"2928\" data-end=\"3002\">Weitere Informationen:<br data-start=\"2950\" data-end=\"2953\" \/><a class=\"decorated-link\" href=\"https:\/\/www.whatsapp.com\/legal\/privacy-policy-eea\" target=\"_new\" rel=\"noopener\" data-start=\"2953\" data-end=\"3002\">https:\/\/www.whatsapp.com\/legal\/privacy-policy-eea<\/a><\/p><hr data-start=\"3004\" data-end=\"3007\" \/><h2 data-section-id=\"h8v016\" data-start=\"3009\" data-end=\"3023\">10. Hosting<\/h2><p data-start=\"3025\" data-end=\"3074\">Die Website wird bei folgendem Anbieter gehostet:<\/p><p data-start=\"3076\" data-end=\"3144\"><strong data-start=\"3076\" data-end=\"3088\">IONOS SE<\/strong><br data-start=\"3088\" data-end=\"3091\" \/>Elgendorfer Stra\u00dfe 57<br data-start=\"3112\" data-end=\"3115\" \/>56410 Montabaur<br data-start=\"3130\" data-end=\"3133\" \/>Deutschland<\/p><p data-start=\"3146\" data-end=\"3225\">Zum Zweck des sicheren Betriebs der Website werden Server-Logfiles gespeichert.<\/p><hr data-start=\"3227\" data-end=\"3230\" \/><h2 data-section-id=\"1yt915c\" data-start=\"3232\" data-end=\"3250\">11. Ihre Rechte<\/h2><p data-start=\"3252\" data-end=\"3298\">Ihnen stehen grunds\u00e4tzlich folgende Rechte zu:<\/p><ul data-start=\"3300\" data-end=\"3506\"><li data-section-id=\"1fugp07\" data-start=\"3300\" data-end=\"3320\">Recht auf Auskunft<\/li><li data-section-id=\"hw7ecj\" data-start=\"3321\" data-end=\"3345\">Recht auf Berichtigung<\/li><li data-section-id=\"9x764s\" data-start=\"3346\" data-end=\"3366\">Recht auf L\u00f6schung<\/li><li data-section-id=\"1x69f34\" data-start=\"3367\" data-end=\"3409\">Recht auf Einschr\u00e4nkung der Verarbeitung<\/li><li data-section-id=\"urtzqb\" data-start=\"3410\" data-end=\"3442\">Recht auf Daten\u00fcbertragbarkeit<\/li><li data-section-id=\"1n0s1ut\" data-start=\"3443\" data-end=\"3482\">Recht auf Widerruf einer Einwilligung<\/li><li data-section-id=\"lf7ck0\" data-start=\"3483\" data-end=\"3506\">Recht auf Widerspruch<\/li><\/ul><p data-start=\"3508\" data-end=\"3677\">Wenn Sie der Meinung sind, dass die Verarbeitung Ihrer Daten gegen das Datenschutzrecht verst\u00f6\u00dft, k\u00f6nnen Sie sich bei der \u00f6sterreichischen Datenschutzbeh\u00f6rde beschweren.<\/p><hr data-start=\"3679\" data-end=\"3682\" \/><h2 data-section-id=\"56ojvt\" data-start=\"3684\" data-end=\"3729\">12. \u00c4nderungen dieser Datenschutzerkl\u00e4rung<\/h2><p data-start=\"3731\" data-end=\"3870\" data-is-last-node=\"\" data-is-only-node=\"\">Wir behalten uns vor, diese Datenschutzerkl\u00e4rung bei Bedarf anzupassen, damit sie stets den aktuellen rechtlichen Anforderungen entspricht.<\/p>\n<\/div>\n<\/div><\/div>\n<\/section><\/main>","protected":false},"excerpt":{"rendered":"<p>Datenschutzerkl\u00e4rung Datenschutzerkl\u00e4rung1. Allgemeine HinweiseDer Schutz Ihrer pers\u00f6nlichen Daten ist uns ein besonderes Anliegen. Wir verarbeiten Ihre Daten daher ausschlie\u00dflich auf Grundlage der gesetzlichen Bestimmungen (DSGVO, TKG 2021).In dieser Datenschutzerkl\u00e4rung informieren wir Sie \u00fcber die wichtigsten Aspekte der Datenverarbeitung im Rahmen unserer Website.2. VerantwortlicherWiener UmzugsprofisInhaber: Herr Hasan AzizBrehmstra\u00dfe 41110 Wien\u00d6sterreich\ud83d\udce7 E-Mail: info@wienerumzugsprofis.at\ud83d\udcde Telefon: +43 664 99142766\ud83c\udf10 [&hellip;]<\/p>\n","protected":false},"author":1,"featured_media":0,"parent":0,"menu_order":0,"comment_status":"closed","ping_status":"closed","template":"","meta":{"om_disable_all_campaigns":false,"_monsterinsights_skip_tracking":false,"_monsterinsights_sitenote_active":false,"_monsterinsights_sitenote_note":"","_monsterinsights_sitenote_category":0,"_breakdance_hide_in_design_set":false,"_breakdance_tags":"","footnotes":""},"class_list":["post-88","page","type-page","status-publish","hentry"],"aioseo_notices":[],"_links":{"self":[{"href":"https:\/\/wienerumzugsprofis.at\/en\/wp-json\/wp\/v2\/pages\/88","targetHints":{"allow":["GET"]}}],"collection":[{"href":"https:\/\/wienerumzugsprofis.at\/en\/wp-json\/wp\/v2\/pages"}],"about":[{"href":"https:\/\/wienerumzugsprofis.at\/en\/wp-json\/wp\/v2\/types\/page"}],"author":[{"embeddable":true,"href":"https:\/\/wienerumzugsprofis.at\/en\/wp-json\/wp\/v2\/users\/1"}],"replies":[{"embeddable":true,"href":"https:\/\/wienerumzugsprofis.at\/en\/wp-json\/wp\/v2\/comments?post=88"}],"version-history":[{"count":5,"href":"https:\/\/wienerumzugsprofis.at\/en\/wp-json\/wp\/v2\/pages\/88\/revisions"}],"predecessor-version":[{"id":178,"href":"https:\/\/wienerumzugsprofis.at\/en\/wp-json\/wp\/v2\/pages\/88\/revisions\/178"}],"wp:attachment":[{"href":"https:\/\/wienerumzugsprofis.at\/en\/wp-json\/wp\/v2\/media?parent=88"}],"curies":[{"name":"wp","href":"https:\/\/api.w.org\/{rel}","templated":true}]}}