{"id":119,"date":"2026-05-06T13:01:10","date_gmt":"2026-05-06T13:01:10","guid":{"rendered":"https:\/\/wienerumzugsprofis.at\/?page_id=119"},"modified":"2026-05-13T13:30:54","modified_gmt":"2026-05-13T13:30:54","slug":"entruempelung","status":"publish","type":"page","link":"https:\/\/wienerumzugsprofis.at\/en\/entruempelung\/","title":{"rendered":"Clean-out"},"content":{"rendered":"<main id='bde-main'><section class=\"bde-section-119-100 bde-section\">\n              \n  \n  \n\t\n\n  <div class=\"section-background-overlay\"><\/div>\n\n\n<div class=\"section-container\"><div class=\"bde-div-119-101 bde-div\">\n  \n  \n\t\n\n\n\n<h1 class=\"bde-heading-119-102 bde-heading\">\nEntr\u00fcmpelung\n<\/h1>\n<\/div><\/div>\n<\/section><section class=\"bde-section-119-103 bde-section futurelayer-brand-primary primary-scheme-1\">\n              \n  \n  \n\t\n\n\n\n<div class=\"section-container\"><div class=\"bde-columns-119-104 bde-columns\"><div class=\"bde-column-119-105 bde-column\">\n  \n  \n\t\n\n\n\n<h2 class=\"bde-dual-heading-119-106 bde-dual-heading\">\n\n\n            <span data-style=\"primary\" class=\"dual-heading--primary  \">Entr\u00fcmpelung in<\/span>\n\n            <span data-style=\"secondary\" class=\"dual-heading--secondary  \">Wien<\/span>\n\n\n\n<\/h2><div class=\"bde-text-119-107 bde-text\">\nSchnell, zuverl\u00e4ssig und zeitnah!\n<\/div><div class=\"bde-image-comparison-119-130 bde-image-comparison\" data-before-label=\"Davor\" data-after-label=\"Danach\">\n\n<div class=\"bde-image-comparison__container js-image-container\">\n\t<div class=\"bde-image-comparison__wrapper bde-image-comparison__wrapper--horizontal bde-image-comparison__wrapper--separator-visible bde-image-comparison__wrapper--labels-visible\">\n\t\t<div class=\"js-comparison-container\">\n\t\t\t<div class=\"images\">\n\t\t\t\t<div class=\"image-rgt js-image-after\" data-src=\"https:\/\/wienerumzugsprofis.at\/wp-content\/uploads\/2026\/05\/Entruempelung-nachher.png\"><\/div>\n\t\t\t\t<div class=\"image-lft js-image-before\" data-src=\"https:\/\/wienerumzugsprofis.at\/wp-content\/uploads\/2026\/05\/Entruempelung-vorher.png\"><\/div>\n\t\t\t<\/div>\n\t\t\t<div class=\"ui\">\n\n\t\t\t\t<div class=\"un-slide-img-label label-before\">Davor<\/div>\n\t\t\t\t<div class=\"un-slide-img-label label-after\">Danach<\/div>\n\n\t\t\t\t<div class=\"dragger\">\n\t\t\t\t\t<div class=\"dragger-arrow\"><\/div>\n\t\t\t\t\t<div class=\"dragger-arrow\"><\/div>\n\t\t\t\t<\/div>\n\n\t\t\t<\/div>\n\t\t<\/div>\n\t<\/div>\n<\/div>\n\n<\/div><div class=\"bde-text-119-109 bde-text\">\nMit Wiener Umzugsprofis werden Entr\u00fcmpelungen schnell, sauber und stressfrei durchgef\u00fchrt. Ob Wohnung, Keller oder komplette R\u00e4umung \u2013 unser Team k\u00fcmmert sich zuverl\u00e4ssig um Transport, Entsorgung und eine besenreine \u00dcbergabe in Wien und Umgebung.\n<\/div>\n<\/div><div class=\"bde-column-119-110 bde-column\">\n  \n  \n\t\n\n\n\n<div class=\"bde-div-119-111 bde-div\">\n  \n  \n\t\n\n\n\n<div class=\"bde-button-119-112 bde-button\">\n        \n    \n    \n    \n    \n            \n                    \n            \n            \n\n    \n    \n    \n    \n    \n    <a class=\"breakdance-link button-atom button-atom--primary bde-button__button\" href=\"tel:+4366499142766\" target=\"_self\" data-type=\"url\"  >\n\n    \n        <span class=\"button-atom__text\">Jetzt anrufen!<\/span>\n\n        \n        \n                <\/a>\n\n    \n\n\n<\/div>\n<\/div><div class=\"bde-grid-119-113 bde-grid\">\n  \n  \n\t\n\n\n\n<div class=\"bde-div-119-114 bde-div\">\n  \n  \n\t\n\n\n\n<div class=\"bde-simple-counter-119-115 bde-simple-counter\">\n<div class=\"bde-simple-counter__wrapper\">\n  <p class=\"bde-simple-counter__number bde-h6\">\n    <span class=\"bde-simple-counter__prefix\"><\/span>\n    <span class=\"bde-simple-counter__digit js-digit\"><\/span>\n    <span class=\"bde-simple-counter__suffix\">x<\/span>\n  <\/p>\n  <\/div>\n\n<\/div><div class=\"bde-text-119-116 bde-text\">\nEffizientere Entsorgung\n<\/div><div class=\"bde-text-119-117 bde-text\">\nSchnelle Planung und strukturierte Arbeitsweise sparen Zeit und Aufwand.\n<\/div>\n<\/div><div class=\"bde-div-119-118 bde-div\">\n  \n  \n\t\n\n\n\n<div class=\"bde-simple-counter-119-119 bde-simple-counter\">\n<div class=\"bde-simple-counter__wrapper\">\n  <p class=\"bde-simple-counter__number bde-h6\">\n    <span class=\"bde-simple-counter__prefix\"><\/span>\n    <span class=\"bde-simple-counter__digit js-digit\"><\/span>\n    <span class=\"bde-simple-counter__suffix\">%<\/span>\n  <\/p>\n  <\/div>\n\n<\/div><div class=\"bde-text-119-120 bde-text\">\nBesenreine \u00dcbergabe\n<\/div><div class=\"bde-text-119-121 bde-text\">\nNach der Entr\u00fcmpelung hinterlassen wir die R\u00e4umlichkeiten sauber und ordentlich.\n<\/div>\n<\/div><div class=\"bde-div-119-122 bde-div\">\n  \n  \n\t\n\n\n\n<div class=\"bde-simple-counter-119-123 bde-simple-counter\">\n<div class=\"bde-simple-counter__wrapper\">\n  <p class=\"bde-simple-counter__number bde-h6\">\n    <span class=\"bde-simple-counter__prefix\"><\/span>\n    <span class=\"bde-simple-counter__digit js-digit\"><\/span>\n    <span class=\"bde-simple-counter__suffix\">+<\/span>\n  <\/p>\n  <\/div>\n\n<\/div><div class=\"bde-text-119-124 bde-text\">\nErfolgreiche Entr\u00fcmpelungen\n<\/div><div class=\"bde-text-119-125 bde-text\">\nBereits zahlreiche Wohnungen, Keller und H\u00e4user professionell entr\u00fcmpelt.\n<\/div>\n<\/div><div class=\"bde-div-119-126 bde-div\">\n  \n  \n\t\n\n\n\n<div class=\"bde-simple-counter-119-127 bde-simple-counter\">\n<div class=\"bde-simple-counter__wrapper\">\n  <p class=\"bde-simple-counter__number bde-h6\">\n    <span class=\"bde-simple-counter__prefix\"><\/span>\n    <span class=\"bde-simple-counter__digit js-digit\"><\/span>\n    <span class=\"bde-simple-counter__suffix\">h<\/span>\n  <\/p>\n  <\/div>\n\n<\/div><div class=\"bde-text-119-128 bde-text\">\nSchnelle R\u00e4umung\n<\/div><div class=\"bde-text-119-129 bde-text\">\nKurzfristige Entr\u00fcmpelungen in Wien schnell und zuverl\u00e4ssig m\u00f6glich.\n<\/div>\n<\/div>\n<\/div>\n<\/div><\/div><\/div>\n<\/section><section class=\"bde-section-119-131 bde-section\">\n  \n  \n\t\n\n\n\n<div class=\"section-container\"><div class=\"bde-div-119-132 bde-div\">\n  \n  \n\t\n\n\n\n<div class=\"bde-div-119-133 bde-div\">\n  \n  \n\t\n\n\n\n<h2 class=\"bde-dual-heading-119-134 bde-dual-heading\">\n\n\n            <span data-style=\"primary\" class=\"dual-heading--primary  \">Unsere<\/span>\n\n            <span data-style=\"secondary\" class=\"dual-heading--secondary  \">Preise<\/span>\n\n\n\n<\/h2><div class=\"bde-text-119-135 bde-text\">\nBei uns erhalten Sie faire und klare Preise f\u00fcr Umz\u00fcge, Entr\u00fcmpelungen und Transporte in Wien und Umgebung. Ohne versteckte Kosten, flexibel nach Aufwand und perfekt abgestimmt auf Ihre Bed\u00fcrfnisse.\n<\/div>\n<\/div><div class=\"bde-button-119-136 bde-button\">\n        \n    \n    \n    \n    \n            \n                    \n            \n            \n\n    \n    \n    \n    \n    \n    <a class=\"breakdance-link button-atom button-atom--primary bde-button__button\" href=\"tel:+4366499142766\" target=\"_self\" data-type=\"url\"  >\n\n    \n        <span class=\"button-atom__text\">Jetzt anrufen!<\/span>\n\n        \n        \n                <\/a>\n\n    \n\n\n<\/div>\n<\/div><div class=\"bde-columns-119-137 bde-columns\"><div class=\"bde-column-119-138 bde-column\">\n  \n  \n\t\n\n\n\n<div class=\"bde-pricing-table-119-139 bde-pricing-table\" data-entrance=\"slideUp\">\n\n\n  <div class=\"bde-pricing-table__icon\">\n    <svg xmlns=\"http:\/\/www.w3.org\/2000\/svg\" viewBox=\"0 0 448 512\"><!--! Font Awesome Free 6.5.1 by @fontawesome - https:\/\/fontawesome.com License - https:\/\/fontawesome.com\/license\/free (Icons: CC BY 4.0, Fonts: SIL OFL 1.1, Code: MIT License) Copyright 2023 Fonticons, Inc. --><path d=\"M50.7 58.5L0 160H208V32H93.7C75.5 32 58.9 42.3 50.7 58.5zM240 160H448L397.3 58.5C389.1 42.3 372.5 32 354.3 32H240V160zm208 32H0V416c0 35.3 28.7 64 64 64H384c35.3 0 64-28.7 64-64V192z\"\/><\/svg>\n  <\/div>\n\n  <div class=\"bde-pricing-table__title\" >\n    Kompakt-Paket\n  <\/div>\n\n\n<div class='bde-pricing-table__price-area'>\n\n      <div class=\"bde-pricing-table__price-area--before-price-text\" >\n      statt 39\u20ac\n    <\/div>\n  \n  <div class=\"bde-pricing-table__price-area--amount-and-period-wrapper\">\n\n    <div class=\"bde-pricing-table__price-area--amount\">\n      <span class=\"bde-pricing-table__price-area--amount-currency\" >\n        \u20ac\n      <\/span>\n      <span class=\"bde-pricing-table__price-area--amount-number\">\n        <span class=\"bde-pricing-table__price-area--amount-number-main\" >\n          25\n        <\/span>\n              <\/span>\n    <\/div>\n\n          <span class=\"bde-pricing-table__price-area--billing-period\" >\n        pro Stunde\n      <\/span>\n    \n  <\/div>\n\n  <\/div>\n\n\n\n  <div class=\"bde-pricing-table__description\" >\n    F\u00fcr kleinere Transporte\n  <\/div>\n\n  <ul class=\"bde-pricing-table__features\">\n    \n                    \n                    \n      \n      <li class=\"bde-pricing-table__features-item bde-pricing-table__features-item--included\">\n        <span class=\"bde-pricing-table__features-icon\">\n                      <svg xmlns=\"http:\/\/www.w3.org\/2000\/svg\" viewBox=\"0 0 24 24\"><path d=\"M18.71,7.21a1,1,0,0,0-1.42,0L9.84,14.67,6.71,11.53A1,1,0,1,0,5.29,13l3.84,3.84a1,1,0,0,0,1.42,0l8.16-8.16A1,1,0,0,0,18.71,7.21Z\"\/><\/svg>\n                  <\/span>\n        <span class=\"bde-pricing-table__features-text\" >\n          Ein LKW\n        <\/span>\n      <\/li>\n    \n                    \n                    \n      \n      <li class=\"bde-pricing-table__features-item bde-pricing-table__features-item--included\">\n        <span class=\"bde-pricing-table__features-icon\">\n                      <svg xmlns=\"http:\/\/www.w3.org\/2000\/svg\" viewBox=\"0 0 24 24\"><path d=\"M18.71,7.21a1,1,0,0,0-1.42,0L9.84,14.67,6.71,11.53A1,1,0,1,0,5.29,13l3.84,3.84a1,1,0,0,0,1.42,0l8.16-8.16A1,1,0,0,0,18.71,7.21Z\"\/><\/svg>\n                  <\/span>\n        <span class=\"bde-pricing-table__features-text\" >\n          1 Mitarbeiter\n        <\/span>\n      <\/li>\n      <\/ul>\n\n        \n    \n    \n    \n    \n            \n                    \n            \n            \n\n    \n    \n    \n    \n    \n    <a class=\"breakdance-link button-atom button-atom--primary bde-pricing-table__cta-button\" href=\"#kontaktent\" target=\"_self\" data-type=\"url\"  >\n\n    \n        <span class=\"button-atom__text\">Jetzt anfragen!<\/span>\n\n        \n        \n                <\/a>\n\n    \n\n\n<\/div>\n<\/div><div class=\"bde-column-119-140 bde-column\">\n  \n  \n\t\n\n\n\n<div class=\"bde-pricing-table-119-141 bde-pricing-table bde-pricing-table--featured\" data-entrance=\"slideUp\">\n\n  <div class=\"bde-pricing-table__accent-label\" >   \n    <span>Beliebt!<\/span> \n  <\/div>\n\n  <div class=\"bde-pricing-table__icon\">\n    <svg xmlns=\"http:\/\/www.w3.org\/2000\/svg\" viewBox=\"0 0 640 512\"><!--! Font Awesome Free 6.5.1 by @fontawesome - https:\/\/fontawesome.com License - https:\/\/fontawesome.com\/license\/free (Icons: CC BY 4.0, Fonts: SIL OFL 1.1, Code: MIT License) Copyright 2023 Fonticons, Inc. --><path d=\"M64 32C28.7 32 0 60.7 0 96V304v80 16c0 44.2 35.8 80 80 80c26.2 0 49.4-12.6 64-32c14.6 19.4 37.8 32 64 32c44.2 0 80-35.8 80-80c0-5.5-.6-10.8-1.6-16H416h33.6c-1 5.2-1.6 10.5-1.6 16c0 44.2 35.8 80 80 80s80-35.8 80-80c0-5.5-.6-10.8-1.6-16H608c17.7 0 32-14.3 32-32V288 272 261.7c0-9.2-3.2-18.2-9-25.3l-58.8-71.8c-10.6-13-26.5-20.5-43.3-20.5H480V96c0-35.3-28.7-64-64-64H64zM585 256H480V192h48.8c2.4 0 4.7 1.1 6.2 2.9L585 256zM528 368a32 32 0 1 1 0 64 32 32 0 1 1 0-64zM176 400a32 32 0 1 1 64 0 32 32 0 1 1 -64 0zM80 368a32 32 0 1 1 0 64 32 32 0 1 1 0-64z\"\/><\/svg>\n  <\/div>\n\n  <div class=\"bde-pricing-table__title\" >\n    Rundum-Paket\n  <\/div>\n\n\n<div class='bde-pricing-table__price-area'>\n\n      <div class=\"bde-pricing-table__price-area--before-price-text\" >\n      statt 65\u20ac\n    <\/div>\n  \n  <div class=\"bde-pricing-table__price-area--amount-and-period-wrapper\">\n\n    <div class=\"bde-pricing-table__price-area--amount\">\n      <span class=\"bde-pricing-table__price-area--amount-currency\" >\n        \u20ac\n      <\/span>\n      <span class=\"bde-pricing-table__price-area--amount-number\">\n        <span class=\"bde-pricing-table__price-area--amount-number-main\" >\n          50\n        <\/span>\n              <\/span>\n    <\/div>\n\n          <span class=\"bde-pricing-table__price-area--billing-period\" >\n        pro Stunde\n      <\/span>\n    \n  <\/div>\n\n  <\/div>\n\n\n\n  <div class=\"bde-pricing-table__description\" >\n    Unser beliebtes Umzugs-Paket!\n  <\/div>\n\n  <ul class=\"bde-pricing-table__features\">\n    \n                    \n                    \n      \n      <li class=\"bde-pricing-table__features-item bde-pricing-table__features-item--included\">\n        <span class=\"bde-pricing-table__features-icon\">\n                      <svg xmlns=\"http:\/\/www.w3.org\/2000\/svg\" viewBox=\"0 0 24 24\"><path d=\"M18.71,7.21a1,1,0,0,0-1.42,0L9.84,14.67,6.71,11.53A1,1,0,1,0,5.29,13l3.84,3.84a1,1,0,0,0,1.42,0l8.16-8.16A1,1,0,0,0,18.71,7.21Z\"\/><\/svg>\n                  <\/span>\n        <span class=\"bde-pricing-table__features-text\" >\n          Ein LKW\n        <\/span>\n      <\/li>\n    \n                    \n                    \n      \n      <li class=\"bde-pricing-table__features-item bde-pricing-table__features-item--included\">\n        <span class=\"bde-pricing-table__features-icon\">\n                      <svg xmlns=\"http:\/\/www.w3.org\/2000\/svg\" viewBox=\"0 0 24 24\"><path d=\"M18.71,7.21a1,1,0,0,0-1.42,0L9.84,14.67,6.71,11.53A1,1,0,1,0,5.29,13l3.84,3.84a1,1,0,0,0,1.42,0l8.16-8.16A1,1,0,0,0,18.71,7.21Z\"\/><\/svg>\n                  <\/span>\n        <span class=\"bde-pricing-table__features-text\" >\n          2 Mitarbeiter\n        <\/span>\n      <\/li>\n      <\/ul>\n\n        \n    \n    \n    \n    \n            \n                    \n            \n            \n\n    \n    \n    \n    \n    \n    <a class=\"breakdance-link button-atom button-atom--primary bde-pricing-table__cta-button\" href=\"#kontaktent\" target=\"_self\" data-type=\"url\"  >\n\n    \n        <span class=\"button-atom__text\">Jetzt anfragen!<\/span>\n\n        \n        \n                <\/a>\n\n    \n\n\n<\/div>\n<\/div><div class=\"bde-column-119-142 bde-column\">\n  \n  \n\t\n\n\n\n<div class=\"bde-pricing-table-119-143 bde-pricing-table\" data-entrance=\"slideUp\">\n\n\n  <div class=\"bde-pricing-table__icon\">\n    <svg xmlns=\"http:\/\/www.w3.org\/2000\/svg\" viewBox=\"0 0 512 512\"><!--! Font Awesome Free 6.5.1 by @fontawesome - https:\/\/fontawesome.com License - https:\/\/fontawesome.com\/license\/free (Icons: CC BY 4.0, Fonts: SIL OFL 1.1, Code: MIT License) Copyright 2023 Fonticons, Inc. --><path d=\"M256 0c4.6 0 9.2 1 13.4 2.9L457.7 82.8c22 9.3 38.4 31 38.3 57.2c-.5 99.2-41.3 280.7-213.6 363.2c-16.7 8-36.1 8-52.8 0C57.3 420.7 16.5 239.2 16 140c-.1-26.2 16.3-47.9 38.3-57.2L242.7 2.9C246.8 1 251.4 0 256 0zm0 66.8V444.8C394 378 431.1 230.1 432 141.4L256 66.8l0 0z\"\/><\/svg>\n  <\/div>\n\n  <div class=\"bde-pricing-table__title\" >\n    Sorglos-Paket\n  <\/div>\n\n\n<div class='bde-pricing-table__price-area'>\n\n      <div class=\"bde-pricing-table__price-area--before-price-text\" >\n      statt 89\u20ac\n    <\/div>\n  \n  <div class=\"bde-pricing-table__price-area--amount-and-period-wrapper\">\n\n    <div class=\"bde-pricing-table__price-area--amount\">\n      <span class=\"bde-pricing-table__price-area--amount-currency\" >\n        \u20ac\n      <\/span>\n      <span class=\"bde-pricing-table__price-area--amount-number\">\n        <span class=\"bde-pricing-table__price-area--amount-number-main\" >\n          75\n        <\/span>\n              <\/span>\n    <\/div>\n\n          <span class=\"bde-pricing-table__price-area--billing-period\" >\n        pro Stunde\n      <\/span>\n    \n  <\/div>\n\n  <\/div>\n\n\n\n  <div class=\"bde-pricing-table__description\" >\n    F\u00fcr gr\u00f6\u00dfere Transporte\n  <\/div>\n\n  <ul class=\"bde-pricing-table__features\">\n    \n                    \n                    \n      \n      <li class=\"bde-pricing-table__features-item bde-pricing-table__features-item--included\">\n        <span class=\"bde-pricing-table__features-icon\">\n                      <svg xmlns=\"http:\/\/www.w3.org\/2000\/svg\" viewBox=\"0 0 24 24\"><path d=\"M18.71,7.21a1,1,0,0,0-1.42,0L9.84,14.67,6.71,11.53A1,1,0,1,0,5.29,13l3.84,3.84a1,1,0,0,0,1.42,0l8.16-8.16A1,1,0,0,0,18.71,7.21Z\"\/><\/svg>\n                  <\/span>\n        <span class=\"bde-pricing-table__features-text\" >\n          Ein LKW\n        <\/span>\n      <\/li>\n    \n                    \n                    \n      \n      <li class=\"bde-pricing-table__features-item bde-pricing-table__features-item--included\">\n        <span class=\"bde-pricing-table__features-icon\">\n                      <svg xmlns=\"http:\/\/www.w3.org\/2000\/svg\" viewBox=\"0 0 24 24\"><path d=\"M18.71,7.21a1,1,0,0,0-1.42,0L9.84,14.67,6.71,11.53A1,1,0,1,0,5.29,13l3.84,3.84a1,1,0,0,0,1.42,0l8.16-8.16A1,1,0,0,0,18.71,7.21Z\"\/><\/svg>\n                  <\/span>\n        <span class=\"bde-pricing-table__features-text\" >\n          3 Mitarbeiter\n        <\/span>\n      <\/li>\n      <\/ul>\n\n        \n    \n    \n    \n    \n            \n                    \n            \n            \n\n    \n    \n    \n    \n    \n    <a class=\"breakdance-link button-atom button-atom--primary bde-pricing-table__cta-button\" href=\"#kontaktent\" target=\"_self\" data-type=\"url\"  >\n\n    \n        <span class=\"button-atom__text\">Jetzt anfragen!<\/span>\n\n        \n        \n                <\/a>\n\n    \n\n\n<\/div>\n<\/div><\/div><\/div>\n<\/section><section id=\"kontaktent\" class=\"bde-section-119-144 bde-section\">\n              \n  \n  \n\t\n\n\n\n<div class=\"section-container\"><div class=\"bde-div-119-145 bde-div\">\n  \n  \n\t\n\n\n\n<div class=\"bde-text-119-146 bde-text\">\nNoch unschl\u00fcssig?\n<\/div><h2 class=\"bde-dual-heading-119-147 bde-dual-heading\">\n\n\n            <span data-style=\"primary\" class=\"dual-heading--primary  \">Jetzt<\/span>\n\n            <span data-style=\"secondary\" class=\"dual-heading--secondary  \">Kontakt<\/span>\n\n            <span data-style=\"primary\" class=\"dual-heading--primary  \">aufnehmen!<\/span>\n\n\n\n<\/h2>\n<\/div><div class=\"bde-div-119-148 bde-div\">\n  \n  \n\t\n\n\n\n<div class=\"bde-form-builder-119-149 bde-form-builder\">\n\n<form id=\"contact-form149\" class=\"breakdance-form breakdance-form--vertical\" data-options=\"{&quot;slug&quot;:&quot;custom&quot;,&quot;name&quot;:&quot;Contact Form&quot;,&quot;ajaxUrl&quot;:&quot;https:\\\/\\\/wienerumzugsprofis.at\\\/wp-admin\\\/admin-ajax.php&quot;,&quot;clearOnSuccess&quot;:true,&quot;hideOnSuccess&quot;:false,&quot;successMessage&quot;:&quot;Vielen Dank f\\u00fcr Ihre Nachricht! Wir melden uns innerhalb von 24 Stunden!&quot;,&quot;errorMessage&quot;:&quot;Leider ist etwas schief gegangen. Bitte kontaktieren sie uns unter +43 688 64158663&quot;,&quot;redirect&quot;:false,&quot;redirectUrl&quot;:&quot;&quot;,&quot;customJavaScript&quot;:&quot;&quot;,&quot;recaptcha&quot;:{&quot;key&quot;:&quot;&quot;,&quot;enabled&quot;:false},&quot;honeypot_enabled&quot;:false,&quot;popupsOnSuccess&quot;:[],&quot;popupsOnError&quot;:[]}\" data-steps=\"0\" >\n  \n  \n  \n<div class=\"breakdance-form-field breakdance-form-field--text\" >\n    \n    \n            <label class=\"breakdance-form-field__label\" for=\"vbhywh\">\n            Wann w\u00fcrden Sie eine Entr\u00fcmpelung brauchen?<span class=\"breakdance-form-field__required\">*<\/span>\n        <\/label>\n    \n    <input\n    class=\"breakdance-form-field__input\"\n    id=\"vbhywh\"\n    aria-describedby=\"vbhywh\"\n    type=\"text\"\n    name=\"fields[vbhywh]\"\n    placeholder=\"\"\n    value=\"\"\n                \n        \n        \n    required\n    \n    \n    \n    \n    \n>\n\n\n    \n    \n<\/div>\n\n\n<div class=\"breakdance-form-field breakdance-form-field--tel\" >\n    \n    \n            <label class=\"breakdance-form-field__label\" for=\"axpwcj\">\n            Telefonnummer<span class=\"breakdance-form-field__required\">*<\/span>\n        <\/label>\n    \n    <input\n    class=\"breakdance-form-field__input\"\n    id=\"axpwcj\"\n    aria-describedby=\"axpwcj\"\n    type=\"tel\"\n    name=\"fields[axpwcj]\"\n    placeholder=\"\"\n    value=\"\"\n                \n        \n        \n    required\n    \n    \n    \n    \n    \n>\n\n\n    \n    \n<\/div>\n\n\n<div class=\"breakdance-form-field breakdance-form-field--email\" >\n    \n    \n            <label class=\"breakdance-form-field__label\" for=\"email\">\n            Email<span class=\"breakdance-form-field__required\">*<\/span>\n        <\/label>\n    \n    <input\n    class=\"breakdance-form-field__input\"\n    id=\"email\"\n    aria-describedby=\"email\"\n    type=\"email\"\n    name=\"fields[email]\"\n    placeholder=\"\"\n    value=\"\"\n                \n        \n        \n    required\n    \n    \n    \n    \n    \n>\n\n\n    \n    \n<\/div>\n\n\n<div class=\"breakdance-form-field breakdance-form-field--textarea\" >\n    \n    \n            <label class=\"breakdance-form-field__label\" for=\"message\">\n            Haben Sie noch etwas anzumerken\n        <\/label>\n    \n    <textarea\n    class=\"breakdance-form-field__input\"\n    id=\"message\"\n    aria-describedby=\"message\"\n    type=\"textarea\"\n    name=\"fields[message]\"\n        placeholder=\"\"\n    \n    \n    \n    >\n<\/textarea>\n\n\n    \n    \n<\/div>\n\n\n<div class=\"breakdance-form-field breakdance-form-field--checkbox\" >\n    \n    \n    \n    <fieldset role=\"group\"\n    aria-label=\"Datenschutzerkl\u00e4rung\"\n    >\n       <legend class=\"breakdance-form-field__label\">Datenschutzerkl\u00e4rung<span class=\"breakdance-form-field__required\">*<\/span><\/legend>\n          <div class=\"breakdance-form-checkbox\">\n          <input\n              type=\"checkbox\"\n              name=\"fields[iwctlp]\"\n              value=\"Hiermit akzeptiere ich die Datenschutzerkl\u00e4rung und stimme einer Verarbeitung meiner Daten f\u00fcr meine Anfrage zu.\"\n              id=\"iwctlp-1\"\n              \n              \n                        >\n          <label class=\"breakdance-form-checkbox__text\" for=\"iwctlp-1\">Hiermit akzeptiere ich die Datenschutzerkl\u00e4rung und stimme einer Verarbeitung meiner Daten f\u00fcr meine Anfrage zu.<\/label>\n      <\/div>\n  <\/fieldset>\n\n\n\n    \n    \n<\/div><div class=\"breakdance-form-field breakdance-form-footer\">    \n    \n    \n    \n    \n            \n            <button type=\"submit\" class=\"button-atom button-atom--primary breakdance-form-button breakdance-form-button__submit\"  >\n    \n        <span class=\"button-atom__text\">Jetzt unverbindlich anfragen!<\/span>\n\n        \n        \n            <\/button>\n    \n    <input type=\"hidden\" name=\"form_id\" value=\"149\">\n    <input type=\"hidden\" name=\"post_id\" value=\"119\">\n<\/div>\n\n  \n<\/form>\n\n\n<\/div>\n<\/div><\/div>\n<\/section><\/main>","protected":false},"excerpt":{"rendered":"<p>Entr\u00fcmpelung Entr\u00fcmpelung in Wien Schnell, zuverl\u00e4ssig und zeitnah! Davor Danach Mit Wiener Umzugsprofis werden Entr\u00fcmpelungen schnell, sauber und stressfrei durchgef\u00fchrt. Ob Wohnung, Keller oder komplette R\u00e4umung \u2013 unser Team k\u00fcmmert sich zuverl\u00e4ssig um Transport, Entsorgung und eine besenreine \u00dcbergabe in Wien und Umgebung. Jetzt anrufen! x Effizientere Entsorgung Schnelle Planung und strukturierte Arbeitsweise sparen Zeit [&hellip;]<\/p>\n","protected":false},"author":1,"featured_media":0,"parent":0,"menu_order":0,"comment_status":"closed","ping_status":"closed","template":"","meta":{"om_disable_all_campaigns":false,"_monsterinsights_skip_tracking":false,"_monsterinsights_sitenote_active":false,"_monsterinsights_sitenote_note":"","_monsterinsights_sitenote_category":0,"_breakdance_hide_in_design_set":false,"_breakdance_tags":"","footnotes":""},"class_list":["post-119","page","type-page","status-publish","hentry"],"aioseo_notices":[],"_links":{"self":[{"href":"https:\/\/wienerumzugsprofis.at\/en\/wp-json\/wp\/v2\/pages\/119","targetHints":{"allow":["GET"]}}],"collection":[{"href":"https:\/\/wienerumzugsprofis.at\/en\/wp-json\/wp\/v2\/pages"}],"about":[{"href":"https:\/\/wienerumzugsprofis.at\/en\/wp-json\/wp\/v2\/types\/page"}],"author":[{"embeddable":true,"href":"https:\/\/wienerumzugsprofis.at\/en\/wp-json\/wp\/v2\/users\/1"}],"replies":[{"embeddable":true,"href":"https:\/\/wienerumzugsprofis.at\/en\/wp-json\/wp\/v2\/comments?post=119"}],"version-history":[{"count":8,"href":"https:\/\/wienerumzugsprofis.at\/en\/wp-json\/wp\/v2\/pages\/119\/revisions"}],"predecessor-version":[{"id":176,"href":"https:\/\/wienerumzugsprofis.at\/en\/wp-json\/wp\/v2\/pages\/119\/revisions\/176"}],"wp:attachment":[{"href":"https:\/\/wienerumzugsprofis.at\/en\/wp-json\/wp\/v2\/media?parent=119"}],"curies":[{"name":"wp","href":"https:\/\/api.w.org\/{rel}","templated":true}]}}