{"id":108,"date":"2026-05-06T12:38:43","date_gmt":"2026-05-06T12:38:43","guid":{"rendered":"https:\/\/wienerumzugsprofis.at\/?page_id=108"},"modified":"2026-05-13T13:31:20","modified_gmt":"2026-05-13T13:31:20","slug":"umzuege","status":"publish","type":"page","link":"https:\/\/wienerumzugsprofis.at\/en\/umzuege\/","title":{"rendered":"Moving"},"content":{"rendered":"<main id='bde-main'><section class=\"bde-section-108-100 bde-section\">\n              \n  \n  \n\t\n\n  <div class=\"section-background-overlay\"><\/div>\n\n\n<div class=\"section-container\"><div class=\"bde-div-108-101 bde-div\">\n  \n  \n\t\n\n\n\n<h1 class=\"bde-heading-108-102 bde-heading\">\nUmz\u00fcge\n<\/h1>\n<\/div><\/div>\n<\/section><section class=\"bde-section-108-143 bde-section futurelayer-brand-primary primary-scheme-1\">\n              \n  \n  \n\t\n\n\n\n<div class=\"section-container\"><div class=\"bde-columns-108-144 bde-columns\"><div class=\"bde-column-108-145 bde-column\">\n  \n  \n\t\n\n\n\n<h2 class=\"bde-dual-heading-108-119 bde-dual-heading\">\n\n\n            <span data-style=\"primary\" class=\"dual-heading--primary  \">Umz\u00fcge in<\/span>\n\n            <span data-style=\"secondary\" class=\"dual-heading--secondary  \">Wien<\/span>\n\n\n\n<\/h2><div class=\"bde-text-108-120 bde-text\">\nSchnell, zuverl\u00e4ssig und zeitnah!\n<\/div><img decoding=\"async\" class=\"bde-image2-108-168 bde-image2\" src=\"https:\/\/wienerumzugsprofis.at\/wp-content\/uploads\/2026\/05\/Bild-Wien-Umzugsprofis.png\" alt=\"Umzugprofis\" loading=\"lazy\" srcset=\"https:\/\/wienerumzugsprofis.at\/wp-content\/uploads\/2026\/05\/Bild-Wien-Umzugsprofis.png 1672w, https:\/\/wienerumzugsprofis.at\/wp-content\/uploads\/2026\/05\/Bild-Wien-Umzugsprofis-300x169.png 300w, https:\/\/wienerumzugsprofis.at\/wp-content\/uploads\/2026\/05\/Bild-Wien-Umzugsprofis-1024x576.png 1024w, https:\/\/wienerumzugsprofis.at\/wp-content\/uploads\/2026\/05\/Bild-Wien-Umzugsprofis-768x432.png 768w, https:\/\/wienerumzugsprofis.at\/wp-content\/uploads\/2026\/05\/Bild-Wien-Umzugsprofis-1536x864.png 1536w\" sizes=\"(max-width: 1672px) 100vw, 1672px\"><div class=\"bde-text-108-167 bde-text\">\nMit Wiener Umzugsprofis wird Ihr Umzug stressfrei, schnell und professionell umgesetzt. Unser erfahrenes Team sorgt f\u00fcr einen sicheren Transport, sorgf\u00e4ltigen Umgang mit Ihrem Inventar und einen reibungslosen Ablauf \u2013 zuverl\u00e4ssig in Wien und Umgebung\n<\/div>\n<\/div><div class=\"bde-column-108-148 bde-column\">\n  \n  \n\t\n\n\n\n<div class=\"bde-div-108-182 bde-div\">\n  \n  \n\t\n\n\n\n<div class=\"bde-button-108-174 bde-button\">\n        \n    \n    \n    \n    \n            \n                    \n            \n            \n\n    \n    \n    \n    \n    \n    <a class=\"breakdance-link button-atom button-atom--primary bde-button__button\" href=\"tel:+4366499142766\" target=\"_self\" data-type=\"url\"  >\n\n    \n        <span class=\"button-atom__text\">Jetzt anrufen!<\/span>\n\n        \n        \n                <\/a>\n\n    \n\n\n<\/div>\n<\/div><div class=\"bde-grid-108-149 bde-grid\">\n  \n  \n\t\n\n\n\n<div class=\"bde-div-108-150 bde-div\">\n  \n  \n\t\n\n\n\n<div class=\"bde-simple-counter-108-170 bde-simple-counter\">\n<div class=\"bde-simple-counter__wrapper\">\n  <p class=\"bde-simple-counter__number bde-h6\">\n    <span class=\"bde-simple-counter__prefix\"><\/span>\n    <span class=\"bde-simple-counter__digit js-digit\"><\/span>\n    <span class=\"bde-simple-counter__suffix\">x<\/span>\n  <\/p>\n  <\/div>\n\n<\/div><div class=\"bde-text-108-152 bde-text\">\nSchnellere  Abwicklung\n<\/div><div class=\"bde-text-108-153 bde-text\">\nEffiziente Planung und erfahrene Umzugshelfer sorgen f\u00fcr einen schnellen Ablauf.\n<\/div>\n<\/div><div class=\"bde-div-108-154 bde-div\">\n  \n  \n\t\n\n\n\n<div class=\"bde-simple-counter-108-171 bde-simple-counter\">\n<div class=\"bde-simple-counter__wrapper\">\n  <p class=\"bde-simple-counter__number bde-h6\">\n    <span class=\"bde-simple-counter__prefix\"><\/span>\n    <span class=\"bde-simple-counter__digit js-digit\"><\/span>\n    <span class=\"bde-simple-counter__suffix\">%<\/span>\n  <\/p>\n  <\/div>\n\n<\/div><div class=\"bde-text-108-156 bde-text\">\nSorgf\u00e4ltiger Transport\n<\/div><div class=\"bde-text-108-157 bde-text\">\nIhr Inventar wird sicher, sauber und zuverl\u00e4ssig transportier\n<\/div>\n<\/div><div class=\"bde-div-108-158 bde-div\">\n  \n  \n\t\n\n\n\n<div class=\"bde-simple-counter-108-172 bde-simple-counter\">\n<div class=\"bde-simple-counter__wrapper\">\n  <p class=\"bde-simple-counter__number bde-h6\">\n    <span class=\"bde-simple-counter__prefix\"><\/span>\n    <span class=\"bde-simple-counter__digit js-digit\"><\/span>\n    <span class=\"bde-simple-counter__suffix\">+<\/span>\n  <\/p>\n  <\/div>\n\n<\/div><div class=\"bde-text-108-160 bde-text\">\nErfolgreiche Umz\u00fcge\n<\/div><div class=\"bde-text-108-161 bde-text\">\nBereits zahlreiche Umz\u00fcge in Wien und Umgebung professionell umgesetzt.\n<\/div>\n<\/div><div class=\"bde-div-108-162 bde-div\">\n  \n  \n\t\n\n\n\n<div class=\"bde-simple-counter-108-173 bde-simple-counter\">\n<div class=\"bde-simple-counter__wrapper\">\n  <p class=\"bde-simple-counter__number bde-h6\">\n    <span class=\"bde-simple-counter__prefix\"><\/span>\n    <span class=\"bde-simple-counter__digit js-digit\"><\/span>\n    <span class=\"bde-simple-counter__suffix\">h<\/span>\n  <\/p>\n  <\/div>\n\n<\/div><div class=\"bde-text-108-164 bde-text\">\nKurzfristige Termine\n<\/div><div class=\"bde-text-108-165 bde-text\">\nAuch spontane Umz\u00fcge und Transporte flexibel m\u00f6glich.\n<\/div>\n<\/div>\n<\/div>\n<\/div><\/div><\/div>\n<\/section><section class=\"bde-section-108-104 bde-section\">\n  \n  \n\t\n\n\n\n<div class=\"section-container\"><div class=\"bde-div-108-105 bde-div\">\n  \n  \n\t\n\n\n\n<div class=\"bde-div-108-106 bde-div\">\n  \n  \n\t\n\n\n\n<h2 class=\"bde-dual-heading-108-107 bde-dual-heading\">\n\n\n            <span data-style=\"primary\" class=\"dual-heading--primary  \">Unsere<\/span>\n\n            <span data-style=\"secondary\" class=\"dual-heading--secondary  \">Preise<\/span>\n\n\n\n<\/h2><div class=\"bde-text-108-108 bde-text\">\nBei uns erhalten Sie faire und klare Preise f\u00fcr Umz\u00fcge, Entr\u00fcmpelungen und Transporte in Wien und Umgebung. Ohne versteckte Kosten, flexibel nach Aufwand und perfekt abgestimmt auf Ihre Bed\u00fcrfnisse.\n<\/div>\n<\/div><div class=\"bde-button-108-109 bde-button\">\n        \n    \n    \n    \n    \n            \n                    \n            \n            \n\n    \n    \n    \n    \n    \n    <a class=\"breakdance-link button-atom button-atom--primary bde-button__button\" href=\"tel:+4366499142766\" target=\"_self\" data-type=\"url\"  >\n\n    \n        <span class=\"button-atom__text\">Jetzt anrufen!<\/span>\n\n        \n        \n                <\/a>\n\n    \n\n\n<\/div>\n<\/div><div class=\"bde-columns-108-110 bde-columns\"><div class=\"bde-column-108-111 bde-column\">\n  \n  \n\t\n\n\n\n<div class=\"bde-pricing-table-108-112 bde-pricing-table\" data-entrance=\"slideUp\">\n\n\n  <div class=\"bde-pricing-table__icon\">\n    <svg xmlns=\"http:\/\/www.w3.org\/2000\/svg\" viewBox=\"0 0 448 512\"><!--! Font Awesome Free 6.5.1 by @fontawesome - https:\/\/fontawesome.com License - https:\/\/fontawesome.com\/license\/free (Icons: CC BY 4.0, Fonts: SIL OFL 1.1, Code: MIT License) Copyright 2023 Fonticons, Inc. --><path d=\"M50.7 58.5L0 160H208V32H93.7C75.5 32 58.9 42.3 50.7 58.5zM240 160H448L397.3 58.5C389.1 42.3 372.5 32 354.3 32H240V160zm208 32H0V416c0 35.3 28.7 64 64 64H384c35.3 0 64-28.7 64-64V192z\"\/><\/svg>\n  <\/div>\n\n  <div class=\"bde-pricing-table__title\" >\n    Kompakt-Paket\n  <\/div>\n\n\n<div class='bde-pricing-table__price-area'>\n\n      <div class=\"bde-pricing-table__price-area--before-price-text\" >\n      statt 39\u20ac\n    <\/div>\n  \n  <div class=\"bde-pricing-table__price-area--amount-and-period-wrapper\">\n\n    <div class=\"bde-pricing-table__price-area--amount\">\n      <span class=\"bde-pricing-table__price-area--amount-currency\" >\n        \u20ac\n      <\/span>\n      <span class=\"bde-pricing-table__price-area--amount-number\">\n        <span class=\"bde-pricing-table__price-area--amount-number-main\" >\n          25\n        <\/span>\n              <\/span>\n    <\/div>\n\n          <span class=\"bde-pricing-table__price-area--billing-period\" >\n        pro Stunde\n      <\/span>\n    \n  <\/div>\n\n  <\/div>\n\n\n\n  <div class=\"bde-pricing-table__description\" >\n    F\u00fcr kleinere Transporte\n  <\/div>\n\n  <ul class=\"bde-pricing-table__features\">\n    \n                    \n                    \n      \n      <li class=\"bde-pricing-table__features-item bde-pricing-table__features-item--included\">\n        <span class=\"bde-pricing-table__features-icon\">\n                      <svg xmlns=\"http:\/\/www.w3.org\/2000\/svg\" viewBox=\"0 0 24 24\"><path d=\"M18.71,7.21a1,1,0,0,0-1.42,0L9.84,14.67,6.71,11.53A1,1,0,1,0,5.29,13l3.84,3.84a1,1,0,0,0,1.42,0l8.16-8.16A1,1,0,0,0,18.71,7.21Z\"\/><\/svg>\n                  <\/span>\n        <span class=\"bde-pricing-table__features-text\" >\n          Ein LKW\n        <\/span>\n      <\/li>\n    \n                    \n                    \n      \n      <li class=\"bde-pricing-table__features-item bde-pricing-table__features-item--included\">\n        <span class=\"bde-pricing-table__features-icon\">\n                      <svg xmlns=\"http:\/\/www.w3.org\/2000\/svg\" viewBox=\"0 0 24 24\"><path d=\"M18.71,7.21a1,1,0,0,0-1.42,0L9.84,14.67,6.71,11.53A1,1,0,1,0,5.29,13l3.84,3.84a1,1,0,0,0,1.42,0l8.16-8.16A1,1,0,0,0,18.71,7.21Z\"\/><\/svg>\n                  <\/span>\n        <span class=\"bde-pricing-table__features-text\" >\n          1 Mitarbeiter\n        <\/span>\n      <\/li>\n      <\/ul>\n\n        \n    \n    \n    \n    \n            \n                    \n            \n            \n\n    \n    \n    \n    \n    \n    <a class=\"breakdance-link button-atom button-atom--primary bde-pricing-table__cta-button\" href=\"#kontaktumz\" target=\"_self\" data-type=\"url\"  >\n\n    \n        <span class=\"button-atom__text\">Jetzt anfragen!<\/span>\n\n        \n        \n                <\/a>\n\n    \n\n\n<\/div>\n<\/div><div class=\"bde-column-108-113 bde-column\">\n  \n  \n\t\n\n\n\n<div class=\"bde-pricing-table-108-114 bde-pricing-table bde-pricing-table--featured\" data-entrance=\"slideUp\">\n\n  <div class=\"bde-pricing-table__accent-label\" >   \n    <span>Beliebt!<\/span> \n  <\/div>\n\n  <div class=\"bde-pricing-table__icon\">\n    <svg xmlns=\"http:\/\/www.w3.org\/2000\/svg\" viewBox=\"0 0 640 512\"><!--! Font Awesome Free 6.5.1 by @fontawesome - https:\/\/fontawesome.com License - https:\/\/fontawesome.com\/license\/free (Icons: CC BY 4.0, Fonts: SIL OFL 1.1, Code: MIT License) Copyright 2023 Fonticons, Inc. --><path d=\"M64 32C28.7 32 0 60.7 0 96V304v80 16c0 44.2 35.8 80 80 80c26.2 0 49.4-12.6 64-32c14.6 19.4 37.8 32 64 32c44.2 0 80-35.8 80-80c0-5.5-.6-10.8-1.6-16H416h33.6c-1 5.2-1.6 10.5-1.6 16c0 44.2 35.8 80 80 80s80-35.8 80-80c0-5.5-.6-10.8-1.6-16H608c17.7 0 32-14.3 32-32V288 272 261.7c0-9.2-3.2-18.2-9-25.3l-58.8-71.8c-10.6-13-26.5-20.5-43.3-20.5H480V96c0-35.3-28.7-64-64-64H64zM585 256H480V192h48.8c2.4 0 4.7 1.1 6.2 2.9L585 256zM528 368a32 32 0 1 1 0 64 32 32 0 1 1 0-64zM176 400a32 32 0 1 1 64 0 32 32 0 1 1 -64 0zM80 368a32 32 0 1 1 0 64 32 32 0 1 1 0-64z\"\/><\/svg>\n  <\/div>\n\n  <div class=\"bde-pricing-table__title\" >\n    Rundum-Paket\n  <\/div>\n\n\n<div class='bde-pricing-table__price-area'>\n\n      <div class=\"bde-pricing-table__price-area--before-price-text\" >\n      statt 65\u20ac\n    <\/div>\n  \n  <div class=\"bde-pricing-table__price-area--amount-and-period-wrapper\">\n\n    <div class=\"bde-pricing-table__price-area--amount\">\n      <span class=\"bde-pricing-table__price-area--amount-currency\" >\n        \u20ac\n      <\/span>\n      <span class=\"bde-pricing-table__price-area--amount-number\">\n        <span class=\"bde-pricing-table__price-area--amount-number-main\" >\n          50\n        <\/span>\n              <\/span>\n    <\/div>\n\n          <span class=\"bde-pricing-table__price-area--billing-period\" >\n        pro Stunde\n      <\/span>\n    \n  <\/div>\n\n  <\/div>\n\n\n\n  <div class=\"bde-pricing-table__description\" >\n    Unser beliebtes Umzugs-Paket!\n  <\/div>\n\n  <ul class=\"bde-pricing-table__features\">\n    \n                    \n                    \n      \n      <li class=\"bde-pricing-table__features-item bde-pricing-table__features-item--included\">\n        <span class=\"bde-pricing-table__features-icon\">\n                      <svg xmlns=\"http:\/\/www.w3.org\/2000\/svg\" viewBox=\"0 0 24 24\"><path d=\"M18.71,7.21a1,1,0,0,0-1.42,0L9.84,14.67,6.71,11.53A1,1,0,1,0,5.29,13l3.84,3.84a1,1,0,0,0,1.42,0l8.16-8.16A1,1,0,0,0,18.71,7.21Z\"\/><\/svg>\n                  <\/span>\n        <span class=\"bde-pricing-table__features-text\" >\n          Ein LKW\n        <\/span>\n      <\/li>\n    \n                    \n                    \n      \n      <li class=\"bde-pricing-table__features-item bde-pricing-table__features-item--included\">\n        <span class=\"bde-pricing-table__features-icon\">\n                      <svg xmlns=\"http:\/\/www.w3.org\/2000\/svg\" viewBox=\"0 0 24 24\"><path d=\"M18.71,7.21a1,1,0,0,0-1.42,0L9.84,14.67,6.71,11.53A1,1,0,1,0,5.29,13l3.84,3.84a1,1,0,0,0,1.42,0l8.16-8.16A1,1,0,0,0,18.71,7.21Z\"\/><\/svg>\n                  <\/span>\n        <span class=\"bde-pricing-table__features-text\" >\n          2 Mitarbeiter\n        <\/span>\n      <\/li>\n      <\/ul>\n\n        \n    \n    \n    \n    \n            \n                    \n            \n            \n\n    \n    \n    \n    \n    \n    <a class=\"breakdance-link button-atom button-atom--primary bde-pricing-table__cta-button\" href=\"#kontaktumz\" target=\"_self\" data-type=\"url\"  >\n\n    \n        <span class=\"button-atom__text\">Jetzt anfragen!<\/span>\n\n        \n        \n                <\/a>\n\n    \n\n\n<\/div>\n<\/div><div class=\"bde-column-108-115 bde-column\">\n  \n  \n\t\n\n\n\n<div class=\"bde-pricing-table-108-116 bde-pricing-table\" data-entrance=\"slideUp\">\n\n\n  <div class=\"bde-pricing-table__icon\">\n    <svg xmlns=\"http:\/\/www.w3.org\/2000\/svg\" viewBox=\"0 0 512 512\"><!--! Font Awesome Free 6.5.1 by @fontawesome - https:\/\/fontawesome.com License - https:\/\/fontawesome.com\/license\/free (Icons: CC BY 4.0, Fonts: SIL OFL 1.1, Code: MIT License) Copyright 2023 Fonticons, Inc. --><path d=\"M256 0c4.6 0 9.2 1 13.4 2.9L457.7 82.8c22 9.3 38.4 31 38.3 57.2c-.5 99.2-41.3 280.7-213.6 363.2c-16.7 8-36.1 8-52.8 0C57.3 420.7 16.5 239.2 16 140c-.1-26.2 16.3-47.9 38.3-57.2L242.7 2.9C246.8 1 251.4 0 256 0zm0 66.8V444.8C394 378 431.1 230.1 432 141.4L256 66.8l0 0z\"\/><\/svg>\n  <\/div>\n\n  <div class=\"bde-pricing-table__title\" >\n    Sorglos-Paket\n  <\/div>\n\n\n<div class='bde-pricing-table__price-area'>\n\n      <div class=\"bde-pricing-table__price-area--before-price-text\" >\n      statt 89\u20ac\n    <\/div>\n  \n  <div class=\"bde-pricing-table__price-area--amount-and-period-wrapper\">\n\n    <div class=\"bde-pricing-table__price-area--amount\">\n      <span class=\"bde-pricing-table__price-area--amount-currency\" >\n        \u20ac\n      <\/span>\n      <span class=\"bde-pricing-table__price-area--amount-number\">\n        <span class=\"bde-pricing-table__price-area--amount-number-main\" >\n          75\n        <\/span>\n              <\/span>\n    <\/div>\n\n          <span class=\"bde-pricing-table__price-area--billing-period\" >\n        pro Stunde\n      <\/span>\n    \n  <\/div>\n\n  <\/div>\n\n\n\n  <div class=\"bde-pricing-table__description\" >\n    F\u00fcr gr\u00f6\u00dfere Transporte\n  <\/div>\n\n  <ul class=\"bde-pricing-table__features\">\n    \n                    \n                    \n      \n      <li class=\"bde-pricing-table__features-item bde-pricing-table__features-item--included\">\n        <span class=\"bde-pricing-table__features-icon\">\n                      <svg xmlns=\"http:\/\/www.w3.org\/2000\/svg\" viewBox=\"0 0 24 24\"><path d=\"M18.71,7.21a1,1,0,0,0-1.42,0L9.84,14.67,6.71,11.53A1,1,0,1,0,5.29,13l3.84,3.84a1,1,0,0,0,1.42,0l8.16-8.16A1,1,0,0,0,18.71,7.21Z\"\/><\/svg>\n                  <\/span>\n        <span class=\"bde-pricing-table__features-text\" >\n          Ein LKW\n        <\/span>\n      <\/li>\n    \n                    \n                    \n      \n      <li class=\"bde-pricing-table__features-item bde-pricing-table__features-item--included\">\n        <span class=\"bde-pricing-table__features-icon\">\n                      <svg xmlns=\"http:\/\/www.w3.org\/2000\/svg\" viewBox=\"0 0 24 24\"><path d=\"M18.71,7.21a1,1,0,0,0-1.42,0L9.84,14.67,6.71,11.53A1,1,0,1,0,5.29,13l3.84,3.84a1,1,0,0,0,1.42,0l8.16-8.16A1,1,0,0,0,18.71,7.21Z\"\/><\/svg>\n                  <\/span>\n        <span class=\"bde-pricing-table__features-text\" >\n          3 Mitarbeiter\n        <\/span>\n      <\/li>\n      <\/ul>\n\n        \n    \n    \n    \n    \n            \n                    \n            \n            \n\n    \n    \n    \n    \n    \n    <a class=\"breakdance-link button-atom button-atom--primary bde-pricing-table__cta-button\" href=\"#kontaktumz\" target=\"_self\" data-type=\"url\"  >\n\n    \n        <span class=\"button-atom__text\">Jetzt anfragen!<\/span>\n\n        \n        \n                <\/a>\n\n    \n\n\n<\/div>\n<\/div><\/div><\/div>\n<\/section><section id=\"kontaktumz\" class=\"bde-section-108-176 bde-section\">\n              \n  \n  \n\t\n\n\n\n<div class=\"section-container\"><div class=\"bde-div-108-178 bde-div\">\n  \n  \n\t\n\n\n\n<div class=\"bde-text-108-179 bde-text\">\nNoch unschl\u00fcssig?\n<\/div><h2 class=\"bde-dual-heading-108-177 bde-dual-heading\">\n\n\n            <span data-style=\"primary\" class=\"dual-heading--primary  \">Jetzt<\/span>\n\n            <span data-style=\"secondary\" class=\"dual-heading--secondary  \">Kontakt<\/span>\n\n            <span data-style=\"primary\" class=\"dual-heading--primary  \">aufnehmen!<\/span>\n\n\n\n<\/h2>\n<\/div><div class=\"bde-div-108-180 bde-div\">\n  \n  \n\t\n\n\n\n<div class=\"bde-form-builder-108-181 bde-form-builder\">\n\n<form id=\"contact-form181\" class=\"breakdance-form breakdance-form--vertical\" data-options=\"{&quot;slug&quot;:&quot;custom&quot;,&quot;name&quot;:&quot;Contact Form&quot;,&quot;ajaxUrl&quot;:&quot;https:\\\/\\\/wienerumzugsprofis.at\\\/wp-admin\\\/admin-ajax.php&quot;,&quot;clearOnSuccess&quot;:true,&quot;hideOnSuccess&quot;:false,&quot;successMessage&quot;:&quot;Vielen Dank f\\u00fcr Ihre Nachricht! Wir melden uns innerhalb von 24 Stunden!&quot;,&quot;errorMessage&quot;:&quot;Leider ist etwas schief gegangen. Bitte kontaktieren sie uns unter +43 688 64158663&quot;,&quot;redirect&quot;:false,&quot;redirectUrl&quot;:&quot;&quot;,&quot;customJavaScript&quot;:&quot;&quot;,&quot;recaptcha&quot;:{&quot;key&quot;:&quot;&quot;,&quot;enabled&quot;:false},&quot;honeypot_enabled&quot;:false,&quot;popupsOnSuccess&quot;:[],&quot;popupsOnError&quot;:[]}\" data-steps=\"0\" >\n  \n  \n  \n<div class=\"breakdance-form-field breakdance-form-field--text\" >\n    \n    \n            <label class=\"breakdance-form-field__label\" for=\"name\">\n            Umzug von<span class=\"breakdance-form-field__required\">*<\/span>\n        <\/label>\n    \n    <input\n    class=\"breakdance-form-field__input\"\n    id=\"name\"\n    aria-describedby=\"name\"\n    type=\"text\"\n    name=\"fields[name]\"\n    placeholder=\"\"\n    value=\"\"\n                \n        \n        \n    required\n    \n    \n    \n    \n    \n>\n\n\n    \n    \n<\/div>\n\n\n<div class=\"breakdance-form-field breakdance-form-field--text\" >\n    \n    \n            <label class=\"breakdance-form-field__label\" for=\"vbhywh\">\n            Umzug bis<span class=\"breakdance-form-field__required\">*<\/span>\n        <\/label>\n    \n    <input\n    class=\"breakdance-form-field__input\"\n    id=\"vbhywh\"\n    aria-describedby=\"vbhywh\"\n    type=\"text\"\n    name=\"fields[vbhywh]\"\n    placeholder=\"\"\n    value=\"\"\n                \n        \n        \n    required\n    \n    \n    \n    \n    \n>\n\n\n    \n    \n<\/div>\n\n\n<div class=\"breakdance-form-field breakdance-form-field--tel\" >\n    \n    \n            <label class=\"breakdance-form-field__label\" for=\"axpwcj\">\n            Telefonnummer<span class=\"breakdance-form-field__required\">*<\/span>\n        <\/label>\n    \n    <input\n    class=\"breakdance-form-field__input\"\n    id=\"axpwcj\"\n    aria-describedby=\"axpwcj\"\n    type=\"tel\"\n    name=\"fields[axpwcj]\"\n    placeholder=\"\"\n    value=\"\"\n                \n        \n        \n    required\n    \n    \n    \n    \n    \n>\n\n\n    \n    \n<\/div>\n\n\n<div class=\"breakdance-form-field breakdance-form-field--email\" >\n    \n    \n            <label class=\"breakdance-form-field__label\" for=\"email\">\n            Email<span class=\"breakdance-form-field__required\">*<\/span>\n        <\/label>\n    \n    <input\n    class=\"breakdance-form-field__input\"\n    id=\"email\"\n    aria-describedby=\"email\"\n    type=\"email\"\n    name=\"fields[email]\"\n    placeholder=\"\"\n    value=\"\"\n                \n        \n        \n    required\n    \n    \n    \n    \n    \n>\n\n\n    \n    \n<\/div>\n\n\n<div class=\"breakdance-form-field breakdance-form-field--textarea\" >\n    \n    \n            <label class=\"breakdance-form-field__label\" for=\"message\">\n            Haben Sie noch etwas anzumerken\n        <\/label>\n    \n    <textarea\n    class=\"breakdance-form-field__input\"\n    id=\"message\"\n    aria-describedby=\"message\"\n    type=\"textarea\"\n    name=\"fields[message]\"\n        placeholder=\"\"\n    \n    \n    \n    >\n<\/textarea>\n\n\n    \n    \n<\/div><div class=\"breakdance-form-field breakdance-form-footer\">    \n    \n    \n    \n    \n            \n            <button type=\"submit\" class=\"button-atom button-atom--primary breakdance-form-button breakdance-form-button__submit\"  >\n    \n        <span class=\"button-atom__text\">Jetzt unverbindlich anfragen!<\/span>\n\n        \n        \n            <\/button>\n    \n    <input type=\"hidden\" name=\"form_id\" value=\"181\">\n    <input type=\"hidden\" name=\"post_id\" value=\"108\">\n<\/div>\n\n  \n<\/form>\n\n\n<\/div>\n<\/div><\/div>\n<\/section><\/main>","protected":false},"excerpt":{"rendered":"<p>Umz\u00fcge Umz\u00fcge in Wien Schnell, zuverl\u00e4ssig und zeitnah! Mit Wiener Umzugsprofis wird Ihr Umzug stressfrei, schnell und professionell umgesetzt. Unser erfahrenes Team sorgt f\u00fcr einen sicheren Transport, sorgf\u00e4ltigen Umgang mit Ihrem Inventar und einen reibungslosen Ablauf \u2013 zuverl\u00e4ssig in Wien und Umgebung Jetzt anrufen! x Schnellere Abwicklung Effiziente Planung und erfahrene Umzugshelfer sorgen f\u00fcr einen [&hellip;]<\/p>\n","protected":false},"author":1,"featured_media":0,"parent":0,"menu_order":0,"comment_status":"closed","ping_status":"closed","template":"","meta":{"om_disable_all_campaigns":false,"_monsterinsights_skip_tracking":false,"_monsterinsights_sitenote_active":false,"_monsterinsights_sitenote_note":"","_monsterinsights_sitenote_category":0,"_breakdance_hide_in_design_set":false,"_breakdance_tags":"","footnotes":""},"class_list":["post-108","page","type-page","status-publish","hentry"],"aioseo_notices":[],"_links":{"self":[{"href":"https:\/\/wienerumzugsprofis.at\/en\/wp-json\/wp\/v2\/pages\/108","targetHints":{"allow":["GET"]}}],"collection":[{"href":"https:\/\/wienerumzugsprofis.at\/en\/wp-json\/wp\/v2\/pages"}],"about":[{"href":"https:\/\/wienerumzugsprofis.at\/en\/wp-json\/wp\/v2\/types\/page"}],"author":[{"embeddable":true,"href":"https:\/\/wienerumzugsprofis.at\/en\/wp-json\/wp\/v2\/users\/1"}],"replies":[{"embeddable":true,"href":"https:\/\/wienerumzugsprofis.at\/en\/wp-json\/wp\/v2\/comments?post=108"}],"version-history":[{"count":11,"href":"https:\/\/wienerumzugsprofis.at\/en\/wp-json\/wp\/v2\/pages\/108\/revisions"}],"predecessor-version":[{"id":177,"href":"https:\/\/wienerumzugsprofis.at\/en\/wp-json\/wp\/v2\/pages\/108\/revisions\/177"}],"wp:attachment":[{"href":"https:\/\/wienerumzugsprofis.at\/en\/wp-json\/wp\/v2\/media?parent=108"}],"curies":[{"name":"wp","href":"https:\/\/api.w.org\/{rel}","templated":true}]}}